{"id":3097,"date":"2023-11-07T17:27:29","date_gmt":"2023-11-07T20:27:29","guid":{"rendered":"https:\/\/cecsp-com-br.preview-domain.com\/?page_id=3097"},"modified":"2024-08-26T11:30:43","modified_gmt":"2024-08-26T14:30:43","slug":"aulas-culturais","status":"publish","type":"page","link":"https:\/\/cecsp.com.br\/kr\/?page_id=3097&lang=pt","title":{"rendered":"Aulas Culturais"},"content":{"rendered":"\t\t<div data-elementor-type=\"wp-page\" data-elementor-id=\"3097\" class=\"elementor elementor-3097\" data-elementor-post-type=\"page\">\n\t\t\t\t<div class=\"elementor-element elementor-element-f2b61a1 e-flex e-con-boxed e-con e-parent\" data-id=\"f2b61a1\" data-element_type=\"container\" data-e-type=\"container\" data-settings=\"{&quot;background_background&quot;:&quot;slideshow&quot;,&quot;background_slideshow_gallery&quot;:[{&quot;id&quot;:2333,&quot;url&quot;:&quot;https:\\\/\\\/cecsp.com.br\\\/kr\\\/wp-content\\\/uploads\\\/2023\\\/10\\\/hanokseon-palace-seoul-korea_13039998-1-scaled.jpg&quot;}],&quot;background_slideshow_loop&quot;:&quot;yes&quot;,&quot;background_slideshow_slide_duration&quot;:5000,&quot;background_slideshow_slide_transition&quot;:&quot;fade&quot;,&quot;background_slideshow_transition_duration&quot;:500}\">\n\t\t\t\t\t<div class=\"e-con-inner\">\n\t\t\t\t<div class=\"elementor-element elementor-element-e7826cc elementor-widget elementor-widget-heading\" data-id=\"e7826cc\" data-element_type=\"widget\" data-e-type=\"widget\" data-widget_type=\"heading.default\">\n\t\t\t\t<div class=\"elementor-widget-container\">\n\t\t\t\t\t<h1 class=\"elementor-heading-title elementor-size-default\">Aulas Culturais<\/h1>\t\t\t\t<\/div>\n\t\t\t\t<\/div>\n\t\t\t\t\t<\/div>\n\t\t\t\t<\/div>\n\t\t<div class=\"elementor-element elementor-element-63d6392 e-flex e-con-boxed e-con e-parent\" data-id=\"63d6392\" data-element_type=\"container\" data-e-type=\"container\">\n\t\t\t\t\t<div class=\"e-con-inner\">\n\t\t\t\t<div class=\"elementor-element elementor-element-1ff6149 elementor-widget elementor-widget-html\" data-id=\"1ff6149\" data-element_type=\"widget\" data-e-type=\"widget\" data-widget_type=\"html.default\">\n\t\t\t\t<div class=\"elementor-widget-container\">\n\t\t\t\t\t<table class=\"tabela\">\r\n    <thead>\r\n        <tr>\r\n            <th class=\"th_1\"><\/th>\r\n            <th class=\"th_2\">Dan\u00e7a tradicional coreana<\/th>\r\n            <th class=\"th_3\">Samulnori<\/th>\r\n            <th class=\"th_4\">Taekwondo<\/th>\r\n        <\/tr>\r\n    <\/thead>\r\n    <tbody>\r\n        <tr>\r\n            <td>Objetivo<\/td>\r\n            <td>Contribuir para a divulga\u00e7\u00e3o da cultura tradicional atrav\u00e9s da dan\u00e7a cl\u00e1ssica coreana e da participa\u00e7\u00e3o em eventos<\/td>\r\n            <td>Fomentar e desenvolver o orgulho pelas suas origens e ensinar descendentes de 2\u00aa e 3\u00aa gera\u00e7\u00e3o sobre a cultura tradicional coreana atrav\u00e9s do ensino de Samulnori e Nanta<\/td>\r\n            <td>Treinamento mental, f\u00edsico e moral, preservar a heran\u00e7a das artes marciais tradicionais coreanas e fomentar seu desenvolvimento<\/td>\r\n        <\/tr>\r\n        <tr>\r\n            <td>Organiza\u00e7\u00e3o respons\u00e1vel<\/td>\r\n            <td>Centro de Pesquisa de Dan\u00e7a Tradicional Coreana<\/td>\r\n            <td>samulnori coreano \ud55c\uc6b8\ub9bc<\/td>\r\n            <td>Yong In Dae Martial Arts<br>(Presidente Chang Hoon Oh)<\/td>\r\n        <\/tr>\r\n        <tr>\r\n            <td>Per\u00edodo de opera\u00e7\u00e3o<\/td>\r\n            <td>Todo o ano (janeiro-dezembro)<\/td>\r\n            <td>Todo o ano (janeiro-dezembro)<\/td>\r\n            <td>Todo o ano (janeiro-dezembro)<\/td>\r\n        <\/tr>\r\n        <tr>\r\n            <td>Prazo de recrutamento e mensalidade<\/td>\r\n            <td>Recrutamento o ano todo<br><\/td>\r\n            <td>Recrutamento ano todo \/ gr\u00e1tis<br>\r\n                * Inscri\u00e7\u00e3o como membro regular ap\u00f3s um per\u00edodo de experi\u00eancia de 3 meses<\/td>\r\n            <td>Recrutamento o ano todo<br>\r\n                * Recomendados pelo CECSP possuem desconto de 50% na mensalidade<\/td>\r\n        <\/tr>\r\n        <tr>\r\n            <td>Programa de aulas<\/td>\r\n            <td>Base das dan\u00e7as tradicionais e repeti\u00e7\u00e3o de movimentos (dura\u00e7\u00e3o de 6 meses) e a cria\u00e7\u00e3o de uma apresenta\u00e7\u00e3o baseada nas habilidades e inspira\u00e7\u00f5es individuais de cada aluno\r\n                (\uc18c\uace0\ucda4, \ubd80\ucc44\ucda4, \ud654\ub780\ubb34, \ucc3d\uc791\ubb34, \uc678\uace0\ubb34, \uc0bc\uace0\ubb34, \ud55c\ub7c9\ubb34, \uc0b0\uc870 \ub4f1)<\/td>\r\n            <td>Curso b\u00e1sico (jangdan, janggu, buk, kkwaenggwari), Yongnam Nongaka, Utdari, janggu(sentado, em p\u00e9)<\/td>\r\n            <td>Bal tchagui, jirugi, poomsae, circuit training<\/td>\r\n        <\/tr>\r\n        <tr>\r\n            <td>Hor\u00e1rio das aulas<\/td>\r\n            <td>sabado 13:00 ~ 18:00<\/td>\r\n            <td>seg(16:00 \u2013 20:00), qui(17:30 \u2013 20:00)<\/td>\r\n            <td>Todo dia, 15:00 \u2013 20:00<\/td>\r\n        <\/tr>\r\n        <tr>\r\n            <td>Endere\u00e7o e telephone de contato<\/td>\r\n            <td>R. Newton Prado 69. 2 andar, Bom Retiro, SP<br> moon751018@gmail.com<\/td>\r\n            <td>Rua Salvador Leme, 374 - Bom Retiro, SP<br> samulbr@gmail.com<\/td>\r\n            <td>R. Afonso Pena, 305, Bom Retiro, SP<br> mestreoh@gmail.com<\/td>\r\n        <\/tr>\r\n    <\/tbody>\r\n<\/table>\r\n\t\t\t\t<\/div>\n\t\t\t\t<\/div>\n\t\t\t\t\t<\/div>\n\t\t\t\t<\/div>\n\t\t\t\t<\/div>\n\t\t","protected":false},"excerpt":{"rendered":"<p>Aulas Culturais Dan\u00e7a tradicional coreana Samulnori Taekwondo Objetivo Contribuir para a divulga\u00e7\u00e3o da cultura tradicional atrav\u00e9s da dan\u00e7a cl\u00e1ssica coreana e da participa\u00e7\u00e3o em eventos&hellip;<\/p>\n","protected":false},"author":6,"featured_media":0,"parent":0,"menu_order":0,"comment_status":"closed","ping_status":"closed","template":"","meta":{"footnotes":""},"class_list":["post-3097","page","type-page","status-publish","hentry"],"_links":{"self":[{"href":"https:\/\/cecsp.com.br\/kr\/index.php?rest_route=\/wp\/v2\/pages\/3097","targetHints":{"allow":["GET"]}}],"collection":[{"href":"https:\/\/cecsp.com.br\/kr\/index.php?rest_route=\/wp\/v2\/pages"}],"about":[{"href":"https:\/\/cecsp.com.br\/kr\/index.php?rest_route=\/wp\/v2\/types\/page"}],"author":[{"embeddable":true,"href":"https:\/\/cecsp.com.br\/kr\/index.php?rest_route=\/wp\/v2\/users\/6"}],"replies":[{"embeddable":true,"href":"https:\/\/cecsp.com.br\/kr\/index.php?rest_route=%2Fwp%2Fv2%2Fcomments&post=3097"}],"version-history":[{"count":22,"href":"https:\/\/cecsp.com.br\/kr\/index.php?rest_route=\/wp\/v2\/pages\/3097\/revisions"}],"predecessor-version":[{"id":4333,"href":"https:\/\/cecsp.com.br\/kr\/index.php?rest_route=\/wp\/v2\/pages\/3097\/revisions\/4333"}],"wp:attachment":[{"href":"https:\/\/cecsp.com.br\/kr\/index.php?rest_route=%2Fwp%2Fv2%2Fmedia&parent=3097"}],"curies":[{"name":"wp","href":"https:\/\/api.w.org\/{rel}","templated":true}]}}