{"id":2655,"date":"2023-10-31T14:17:25","date_gmt":"2023-10-31T17:17:25","guid":{"rendered":"https:\/\/cecsp-com-br.preview-domain.com\/?page_id=2655"},"modified":"2023-12-05T18:54:58","modified_gmt":"2023-12-05T21:54:58","slug":"principais-atividades","status":"publish","type":"page","link":"https:\/\/cecsp.com.br\/kr\/?page_id=2655&lang=pt","title":{"rendered":"Principais Atividades"},"content":{"rendered":"\t\t<div data-elementor-type=\"wp-page\" data-elementor-id=\"2655\" class=\"elementor elementor-2655\" data-elementor-post-type=\"page\">\n\t\t\t\t<div class=\"elementor-element elementor-element-a8eb046 e-flex e-con-boxed e-con e-parent\" data-id=\"a8eb046\" data-element_type=\"container\" data-e-type=\"container\" data-settings=\"{&quot;background_background&quot;:&quot;slideshow&quot;,&quot;background_slideshow_gallery&quot;:[{&quot;id&quot;:2924,&quot;url&quot;:&quot;https:\\\/\\\/cecsp.com.br\\\/kr\\\/wp-content\\\/uploads\\\/2023\\\/11\\\/gold-background_13266147-scaled.jpg&quot;}],&quot;background_slideshow_loop&quot;:&quot;yes&quot;,&quot;background_slideshow_slide_duration&quot;:5000,&quot;background_slideshow_slide_transition&quot;:&quot;fade&quot;,&quot;background_slideshow_transition_duration&quot;:500}\">\n\t\t\t\t\t<div class=\"e-con-inner\">\n\t\t\t\t<div class=\"elementor-element elementor-element-bb92332 elementor-widget elementor-widget-heading\" data-id=\"bb92332\" data-element_type=\"widget\" data-e-type=\"widget\" data-widget_type=\"heading.default\">\n\t\t\t\t<div class=\"elementor-widget-container\">\n\t\t\t\t\t<h2 class=\"elementor-heading-title elementor-size-default\"><p>Principais\natividades.<\/p><\/h2>\t\t\t\t<\/div>\n\t\t\t\t<\/div>\n\t\t\t\t\t<\/div>\n\t\t\t\t<\/div>\n\t\t<div class=\"elementor-element elementor-element-41e4bc4 e-flex e-con-boxed e-con e-parent\" data-id=\"41e4bc4\" data-element_type=\"container\" data-e-type=\"container\">\n\t\t\t\t\t<div class=\"e-con-inner\">\n\t\t\t\t<div class=\"elementor-element elementor-element-bdae014 elementor-position-left elementor-vertical-align-middle elementor-widget elementor-widget-image-box\" data-id=\"bdae014\" data-element_type=\"widget\" data-e-type=\"widget\" data-widget_type=\"image-box.default\">\n\t\t\t\t<div class=\"elementor-widget-container\">\n\t\t\t\t\t<div class=\"elementor-image-box-wrapper\"><figure class=\"elementor-image-box-img\"><img fetchpriority=\"high\" decoding=\"async\" width=\"230\" height=\"230\" src=\"https:\/\/cecsp.com.br\/kr\/wp-content\/uploads\/2023\/11\/icon_2.jpg\" class=\"attachment-full size-full wp-image-2890\" alt=\"\" srcset=\"https:\/\/cecsp.com.br\/kr\/wp-content\/uploads\/2023\/11\/icon_2.jpg 230w, https:\/\/cecsp.com.br\/kr\/wp-content\/uploads\/2023\/11\/icon_2-150x150.jpg 150w\" sizes=\"(max-width: 230px) 100vw, 230px\" \/><\/figure><div class=\"elementor-image-box-content\"><h3 class=\"elementor-image-box-title\"><p class=\"txt-center\">A dissemina\u00e7\u00e3o da l\u00edngua coreana<\/p><\/h3><p class=\"elementor-image-box-description\"><br><br><p class=\"left-espaco\"><b>O estudo e apresenta\u00e7\u00e3o da l\u00edngua e cultura coreana para brasileiros<\/b><\/p>\n<ul>\n \t<li style=\"list-style-type: none\">\n<ul>\n \t<li>O Centro de Educa\u00e7\u00e3o Coreano em S\u00e3o Paulo opera diretamente aulas de coreano, oferecidas online e offline, durante a semana\ne nos finais de semana. Al\u00e9m disso, apoia a abertura de turmas de l\u00edngua coreana em escolas brasileiras e a apresenta\u00e7\u00e3o da\ncultura coreana atrav\u00e9s da dan\u00e7a, m\u00fasica e cultura tradicional, como Taekwondo e Samulnori.<\/li>\n \t<li>A aplica\u00e7\u00e3o da prova de profici\u00eancia em l\u00edngua coreana (TOPIK)<\/li>\n<\/ul>\n<\/li>\n<\/ul><\/p><\/div><\/div>\t\t\t\t<\/div>\n\t\t\t\t<\/div>\n\t\t\t\t<div class=\"elementor-element elementor-element-cd05e86 elementor-widget-divider--view-line elementor-widget elementor-widget-divider\" data-id=\"cd05e86\" data-element_type=\"widget\" data-e-type=\"widget\" data-widget_type=\"divider.default\">\n\t\t\t\t<div class=\"elementor-widget-container\">\n\t\t\t\t\t\t\t<div class=\"elementor-divider\">\n\t\t\t<span class=\"elementor-divider-separator\">\n\t\t\t\t\t\t<\/span>\n\t\t<\/div>\n\t\t\t\t\t\t<\/div>\n\t\t\t\t<\/div>\n\t\t\t\t<div class=\"elementor-element elementor-element-dd41bb5 elementor-position-left elementor-vertical-align-middle elementor-widget elementor-widget-image-box\" data-id=\"dd41bb5\" data-element_type=\"widget\" data-e-type=\"widget\" data-widget_type=\"image-box.default\">\n\t\t\t\t<div class=\"elementor-widget-container\">\n\t\t\t\t\t<div class=\"elementor-image-box-wrapper\"><figure class=\"elementor-image-box-img\"><img decoding=\"async\" width=\"230\" height=\"230\" src=\"https:\/\/cecsp.com.br\/kr\/wp-content\/uploads\/2023\/11\/icon_3.jpg\" class=\"attachment-full size-full wp-image-2891\" alt=\"\" srcset=\"https:\/\/cecsp.com.br\/kr\/wp-content\/uploads\/2023\/11\/icon_3.jpg 230w, https:\/\/cecsp.com.br\/kr\/wp-content\/uploads\/2023\/11\/icon_3-150x150.jpg 150w\" sizes=\"(max-width: 230px) 100vw, 230px\" \/><\/figure><div class=\"elementor-image-box-content\"><h3 class=\"elementor-image-box-title\"><p class=\"txt-center\">O fortalecimento da identidade da comunidade coreana no Brasil<\/p><\/h3><p class=\"elementor-image-box-description\"><br><br><p class=\"left-espaco\"><b>O fortalecimento da identidade da comunidade coreana no Brasil<\/b><\/p>\n<ul>\n \t<li style=\"list-style-type: none\">\n<ul>\n \t<li class=\"jt_subtit\">A implementa\u00e7\u00e3o do ensino de l\u00edngua coreana ap\u00f3s o hor\u00e1rio escolar para os filhos de coreanos que residem no Brasil<\/li>\n \t<li class=\"jt_subtit\">Suporte \u00e0 opera\u00e7\u00e3o de escolas de coreano na comunidade de coreanos residentes no Brasil (subs\u00eddios, fornecimento de livros\ndid\u00e1ticos, apoio \u00e0 eventos conjuntos, orienta\u00e7\u00e3o de bolsas, disponibiliza\u00e7\u00e3o de materiais para ensino e aprendizado, treinamento de\nprofessores, etc)<\/li>\n \t<li class=\"jt_subtit\">Registro de institui\u00e7\u00f5es de ensino no exterior (escola de coreano, etc) e suporte para institui\u00e7\u00f5es de ensino estrangeiras<\/li>\n<\/ul>\n<\/li>\n<\/ul><\/p><\/div><\/div>\t\t\t\t<\/div>\n\t\t\t\t<\/div>\n\t\t\t\t<div class=\"elementor-element elementor-element-0855e63 elementor-widget-divider--view-line elementor-widget elementor-widget-divider\" data-id=\"0855e63\" data-element_type=\"widget\" data-e-type=\"widget\" data-widget_type=\"divider.default\">\n\t\t\t\t<div class=\"elementor-widget-container\">\n\t\t\t\t\t\t\t<div class=\"elementor-divider\">\n\t\t\t<span class=\"elementor-divider-separator\">\n\t\t\t\t\t\t<\/span>\n\t\t<\/div>\n\t\t\t\t\t\t<\/div>\n\t\t\t\t<\/div>\n\t\t\t\t<div class=\"elementor-element elementor-element-be2ce4d elementor-position-left elementor-vertical-align-middle elementor-widget elementor-widget-image-box\" data-id=\"be2ce4d\" data-element_type=\"widget\" data-e-type=\"widget\" data-widget_type=\"image-box.default\">\n\t\t\t\t<div class=\"elementor-widget-container\">\n\t\t\t\t\t<div class=\"elementor-image-box-wrapper\"><figure class=\"elementor-image-box-img\"><img decoding=\"async\" width=\"230\" height=\"230\" src=\"https:\/\/cecsp.com.br\/kr\/wp-content\/uploads\/2023\/11\/icon_1.jpg\" class=\"attachment-full size-full wp-image-2893\" alt=\"\" srcset=\"https:\/\/cecsp.com.br\/kr\/wp-content\/uploads\/2023\/11\/icon_1.jpg 230w, https:\/\/cecsp.com.br\/kr\/wp-content\/uploads\/2023\/11\/icon_1-150x150.jpg 150w\" sizes=\"(max-width: 230px) 100vw, 230px\" \/><\/figure><div class=\"elementor-image-box-content\"><h3 class=\"elementor-image-box-title\"><p class=\"txt-center\">A promo\u00e7\u00e3o de programas de interc\u00e2mbio para alunos brasileiros<\/p><\/h3><p class=\"elementor-image-box-description\"><br><br><p class=\"left-espaco\"><b>A realiza\u00e7\u00e3o do interc\u00e2mbio educacional entre Brasil e Coreia<\/b><\/p>\n<ul>\n \t<li style=\"list-style-type: none\">\n<ul>\n \t<li>A realiza\u00e7\u00e3o de feiras de interc\u00e2mbio para universidades coreanas<\/li>\n \t<li>Promover as universidades coreanas e apresentar programas de interc\u00e2mbio, pesquisa e bolsas de estudo.<\/li>\n \t<li>Apoio \u00e0 estudantes descendentes para estudarem em seu pa\u00eds de origem<\/li>\n \t<li>Apoio \u00e0 coopera\u00e7\u00e3o entre universidades brasileiras e coreanas na promo\u00e7\u00e3o de interc\u00e2mbio estudantil<\/li>\n<\/ul>\n<\/li>\n<\/ul><\/p><\/div><\/div>\t\t\t\t<\/div>\n\t\t\t\t<\/div>\n\t\t\t\t<div class=\"elementor-element elementor-element-bbc9561 elementor-widget-divider--view-line elementor-widget elementor-widget-divider\" data-id=\"bbc9561\" data-element_type=\"widget\" data-e-type=\"widget\" data-widget_type=\"divider.default\">\n\t\t\t\t<div class=\"elementor-widget-container\">\n\t\t\t\t\t\t\t<div class=\"elementor-divider\">\n\t\t\t<span class=\"elementor-divider-separator\">\n\t\t\t\t\t\t<\/span>\n\t\t<\/div>\n\t\t\t\t\t\t<\/div>\n\t\t\t\t<\/div>\n\t\t\t\t<div class=\"elementor-element elementor-element-267c024 elementor-position-left elementor-vertical-align-middle elementor-widget elementor-widget-image-box\" data-id=\"267c024\" data-element_type=\"widget\" data-e-type=\"widget\" data-widget_type=\"image-box.default\">\n\t\t\t\t<div class=\"elementor-widget-container\">\n\t\t\t\t\t<div class=\"elementor-image-box-wrapper\"><figure class=\"elementor-image-box-img\"><img loading=\"lazy\" decoding=\"async\" width=\"230\" height=\"230\" src=\"https:\/\/cecsp.com.br\/kr\/wp-content\/uploads\/2023\/11\/icon_4.jpg\" class=\"attachment-full size-full wp-image-2894\" alt=\"\" srcset=\"https:\/\/cecsp.com.br\/kr\/wp-content\/uploads\/2023\/11\/icon_4.jpg 230w, https:\/\/cecsp.com.br\/kr\/wp-content\/uploads\/2023\/11\/icon_4-150x150.jpg 150w\" sizes=\"(max-width: 230px) 100vw, 230px\" \/><\/figure><div class=\"elementor-image-box-content\"><h3 class=\"elementor-image-box-title\"><p class=\"txt-center\">Informa\u00e7\u00f5es adicionais sobre eventos internacionais relacionados \u00e0 educa\u00e7\u00e3o<\/p><\/h3><p class=\"elementor-image-box-description\"><br><ul>\n \t<li style=\"list-style-type: none\">\n<ul>\n \t<li>O aconselhamento e guia para intercambistas coreanos<\/li>\n \t<li>Apresenta\u00e7\u00e3o do sistema educacional coreano e coleta de informa\u00e7\u00f5es sobre a educa\u00e7\u00e3o brasileira<\/li>\n<\/ul>\n<\/li>\n<\/ul><\/p><\/div><\/div>\t\t\t\t<\/div>\n\t\t\t\t<\/div>\n\t\t\t\t\t<\/div>\n\t\t\t\t<\/div>\n\t\t<div class=\"elementor-element elementor-element-d1b78b9 e-flex e-con-boxed e-con e-parent\" data-id=\"d1b78b9\" data-element_type=\"container\" data-e-type=\"container\">\n\t\t\t\t\t<div class=\"e-con-inner\">\n\t\t\t\t<div class=\"elementor-element elementor-element-d3144df elementor-widget elementor-widget-spacer\" data-id=\"d3144df\" data-element_type=\"widget\" data-e-type=\"widget\" data-widget_type=\"spacer.default\">\n\t\t\t\t<div class=\"elementor-widget-container\">\n\t\t\t\t\t\t\t<div class=\"elementor-spacer\">\n\t\t\t<div class=\"elementor-spacer-inner\"><\/div>\n\t\t<\/div>\n\t\t\t\t\t\t<\/div>\n\t\t\t\t<\/div>\n\t\t\t\t\t<\/div>\n\t\t\t\t<\/div>\n\t\t\t\t<\/div>\n\t\t","protected":false},"excerpt":{"rendered":"","protected":false},"author":6,"featured_media":0,"parent":0,"menu_order":0,"comment_status":"closed","ping_status":"closed","template":"","meta":{"footnotes":""},"class_list":["post-2655","page","type-page","status-publish","hentry"],"_links":{"self":[{"href":"https:\/\/cecsp.com.br\/kr\/index.php?rest_route=\/wp\/v2\/pages\/2655","targetHints":{"allow":["GET"]}}],"collection":[{"href":"https:\/\/cecsp.com.br\/kr\/index.php?rest_route=\/wp\/v2\/pages"}],"about":[{"href":"https:\/\/cecsp.com.br\/kr\/index.php?rest_route=\/wp\/v2\/types\/page"}],"author":[{"embeddable":true,"href":"https:\/\/cecsp.com.br\/kr\/index.php?rest_route=\/wp\/v2\/users\/6"}],"replies":[{"embeddable":true,"href":"https:\/\/cecsp.com.br\/kr\/index.php?rest_route=%2Fwp%2Fv2%2Fcomments&post=2655"}],"version-history":[{"count":31,"href":"https:\/\/cecsp.com.br\/kr\/index.php?rest_route=\/wp\/v2\/pages\/2655\/revisions"}],"predecessor-version":[{"id":3800,"href":"https:\/\/cecsp.com.br\/kr\/index.php?rest_route=\/wp\/v2\/pages\/2655\/revisions\/3800"}],"wp:attachment":[{"href":"https:\/\/cecsp.com.br\/kr\/index.php?rest_route=%2Fwp%2Fv2%2Fmedia&parent=2655"}],"curies":[{"name":"wp","href":"https:\/\/api.w.org\/{rel}","templated":true}]}}