{"id":2650,"date":"2023-10-31T14:04:57","date_gmt":"2023-10-31T17:04:57","guid":{"rendered":"https:\/\/cecsp-com-br.preview-domain.com\/?page_id=2650"},"modified":"2025-03-06T15:05:19","modified_gmt":"2025-03-06T18:05:19","slug":"saudacao-da-direcao","status":"publish","type":"page","link":"https:\/\/cecsp.com.br\/kr\/?page_id=2650&lang=pt","title":{"rendered":"Sauda\u00e7\u00e3o da Dire\u00e7\u00e3o"},"content":{"rendered":"\t\t<div data-elementor-type=\"wp-page\" data-elementor-id=\"2650\" class=\"elementor elementor-2650\" data-elementor-post-type=\"page\">\n\t\t\t\t<div class=\"elementor-element elementor-element-266a7a4 e-flex e-con-boxed e-con e-parent\" data-id=\"266a7a4\" data-element_type=\"container\" data-e-type=\"container\" data-settings=\"{&quot;background_background&quot;:&quot;slideshow&quot;,&quot;background_slideshow_gallery&quot;:[{&quot;id&quot;:2437,&quot;url&quot;:&quot;https:\\\/\\\/cecsp.com.br\\\/kr\\\/wp-content\\\/uploads\\\/2023\\\/10\\\/stone-korean-hanok-in-korea_13205958-scaled.jpg&quot;}],&quot;background_slideshow_loop&quot;:&quot;yes&quot;,&quot;background_slideshow_slide_duration&quot;:5000,&quot;background_slideshow_slide_transition&quot;:&quot;fade&quot;,&quot;background_slideshow_transition_duration&quot;:500}\">\n\t\t\t\t\t<div class=\"e-con-inner\">\n\t\t\t\t<div class=\"elementor-element elementor-element-e9813a3 elementor-widget elementor-widget-heading\" data-id=\"e9813a3\" data-element_type=\"widget\" data-e-type=\"widget\" data-widget_type=\"heading.default\">\n\t\t\t\t<div class=\"elementor-widget-container\">\n\t\t\t\t\t<h2 class=\"elementor-heading-title elementor-size-default\">Sauda\u00e7\u00e3o da Dire\u00e7\u00e3o<\/h2>\t\t\t\t<\/div>\n\t\t\t\t<\/div>\n\t\t\t\t\t<\/div>\n\t\t\t\t<\/div>\n\t\t<div class=\"elementor-element elementor-element-f357668 e-flex e-con-boxed e-con e-parent\" data-id=\"f357668\" data-element_type=\"container\" data-e-type=\"container\" data-settings=\"{&quot;background_background&quot;:&quot;slideshow&quot;,&quot;background_slideshow_gallery&quot;:[],&quot;background_slideshow_loop&quot;:&quot;yes&quot;,&quot;background_slideshow_slide_duration&quot;:5000,&quot;background_slideshow_slide_transition&quot;:&quot;fade&quot;,&quot;background_slideshow_transition_duration&quot;:500}\">\n\t\t\t\t\t<div class=\"e-con-inner\">\n\t\t\t\t<div class=\"elementor-element elementor-element-e900963 elementor-widget elementor-widget-heading\" data-id=\"e900963\" data-element_type=\"widget\" data-e-type=\"widget\" data-widget_type=\"heading.default\">\n\t\t\t\t<div class=\"elementor-widget-container\">\n\t\t\t\t\t<h2 class=\"elementor-heading-title elementor-size-default\"><p class=\"title-br\">Centro de Educa\u00e7\u00e3o Coreana em S\u00e3o Paulo, uma institui\u00e7\u00e3o de educa\u00e7\u00e3o global para todos<\/p><\/h2>\t\t\t\t<\/div>\n\t\t\t\t<\/div>\n\t\t\t\t<div class=\"elementor-element elementor-element-e1603d1 elementor-widget__width-auto elementor-widget elementor-widget-text-editor\" data-id=\"e1603d1\" data-element_type=\"widget\" data-e-type=\"widget\" data-settings=\"{&quot;motion_fx_motion_fx_scrolling&quot;:&quot;yes&quot;,&quot;motion_fx_devices&quot;:[&quot;desktop&quot;,&quot;tablet&quot;,&quot;mobile&quot;]}\" data-widget_type=\"text-editor.default\">\n\t\t\t\t<div class=\"elementor-widget-container\">\n\t\t\t\t\t\t\t\t\t<p style=\"text-align: left;\">Ol\u00e1, sejam bem vindos ao Centro de Educa\u00e7\u00e3o Coreana em S\u00e3o Paulo.<\/p><p style=\"text-align: left;\">A hist\u00f3ria da imigra\u00e7\u00e3o coreana no Brasil teve in\u00edcio em 1920, mas s\u00f3 ap\u00f3s a d\u00e9cada de 1960 houve um aumento no fluxo. Nesta \u00e9poca, os imigrantes coreanos mostraram todo seu esfor\u00e7o e habilidade ao transforarem o bairro do Bom Retiro, localizado em S\u00e3o Paulo, em um grande polo nacional de moda. Atualmente, diversas empresas coreanas atuam em territ\u00f3rio brasileiro e se empenham para auxiliar crescimento da Rep\u00fablica da Coreia.<\/p><p style=\"text-align: left;\">O Centro de Educa\u00e7\u00e3o Coreana em S\u00e3o Paulo tem como um dos objetivos promover o fortalecimento da identidade dos coreanos que residem no Brasil. Contamos com escolas de coreano para auxiliar os descendentes no aprendizado da l\u00edngua, al\u00e9m de ofertar professores e material did\u00e1tico para escolas brasileiras a fim de ensinar a l\u00edngua coreana como segunda l\u00edngua.<br \/>Tamb\u00e9m somos respons\u00e1veis pela aplica\u00e7\u00e3o da prova de profici\u00eancia em l\u00edngua coreana (TOPIK) e pela divulga\u00e7\u00e3o e suporte para alunos descendentes de coreanos e brasileiros que almejam realizar interc\u00e2mbio em universidades coreanas.<\/p><p style=\"text-align: left;\">N\u00f3s, do Centro de Educa\u00e7\u00e3o Coreana em S\u00e3o Paulo, continuaremos nos esfor\u00e7ando para cumprir com as demandas educacionais<br \/>dos coreanos que residem no Brasil e para o fortalecimento da Rep\u00fablica da Coreia no cen\u00e1rio internacional.<\/p>\t\t\t\t\t\t\t\t<\/div>\n\t\t\t\t<\/div>\n\t\t\t\t\t<\/div>\n\t\t\t\t<\/div>\n\t\t<div class=\"elementor-element elementor-element-b5be356 e-flex e-con-boxed e-con e-parent\" data-id=\"b5be356\" data-element_type=\"container\" data-e-type=\"container\">\n\t\t\t\t\t<div class=\"e-con-inner\">\n\t\t\t\t<div class=\"elementor-element elementor-element-965876b elementor-widget elementor-widget-heading\" data-id=\"965876b\" data-element_type=\"widget\" data-e-type=\"widget\" data-widget_type=\"heading.default\">\n\t\t\t\t<div class=\"elementor-widget-container\">\n\t\t\t\t\t<h2 class=\"elementor-heading-title elementor-size-default\">Centro de Educa\u00e7\u00e3o Coreana em S\u00e3o Paulo, <b>Seung Geun Park<\/b><\/h2>\t\t\t\t<\/div>\n\t\t\t\t<\/div>\n\t\t\t\t\t<\/div>\n\t\t\t\t<\/div>\n\t\t<div class=\"elementor-element elementor-element-8d1d458 e-flex e-con-boxed e-con e-parent\" data-id=\"8d1d458\" data-element_type=\"container\" data-e-type=\"container\">\n\t\t\t\t\t<div class=\"e-con-inner\">\n\t\t\t\t<div class=\"elementor-element elementor-element-7a29325 elementor-widget elementor-widget-spacer\" data-id=\"7a29325\" data-element_type=\"widget\" data-e-type=\"widget\" data-widget_type=\"spacer.default\">\n\t\t\t\t<div class=\"elementor-widget-container\">\n\t\t\t\t\t\t\t<div class=\"elementor-spacer\">\n\t\t\t<div class=\"elementor-spacer-inner\"><\/div>\n\t\t<\/div>\n\t\t\t\t\t\t<\/div>\n\t\t\t\t<\/div>\n\t\t\t\t\t<\/div>\n\t\t\t\t<\/div>\n\t\t\t\t<\/div>\n\t\t","protected":false},"excerpt":{"rendered":"<p>Sauda\u00e7\u00e3o da Dire\u00e7\u00e3o Centro de Educa\u00e7\u00e3o Coreana em S\u00e3o Paulo, uma institui\u00e7\u00e3o de educa\u00e7\u00e3o global para todos Ol\u00e1, sejam bem vindos ao Centro de Educa\u00e7\u00e3o&hellip;<\/p>\n","protected":false},"author":6,"featured_media":0,"parent":0,"menu_order":0,"comment_status":"closed","ping_status":"closed","template":"","meta":{"footnotes":""},"class_list":["post-2650","page","type-page","status-publish","hentry"],"_links":{"self":[{"href":"https:\/\/cecsp.com.br\/kr\/index.php?rest_route=\/wp\/v2\/pages\/2650","targetHints":{"allow":["GET"]}}],"collection":[{"href":"https:\/\/cecsp.com.br\/kr\/index.php?rest_route=\/wp\/v2\/pages"}],"about":[{"href":"https:\/\/cecsp.com.br\/kr\/index.php?rest_route=\/wp\/v2\/types\/page"}],"author":[{"embeddable":true,"href":"https:\/\/cecsp.com.br\/kr\/index.php?rest_route=\/wp\/v2\/users\/6"}],"replies":[{"embeddable":true,"href":"https:\/\/cecsp.com.br\/kr\/index.php?rest_route=%2Fwp%2Fv2%2Fcomments&post=2650"}],"version-history":[{"count":16,"href":"https:\/\/cecsp.com.br\/kr\/index.php?rest_route=\/wp\/v2\/pages\/2650\/revisions"}],"predecessor-version":[{"id":4415,"href":"https:\/\/cecsp.com.br\/kr\/index.php?rest_route=\/wp\/v2\/pages\/2650\/revisions\/4415"}],"wp:attachment":[{"href":"https:\/\/cecsp.com.br\/kr\/index.php?rest_route=%2Fwp%2Fv2%2Fmedia&parent=2650"}],"curies":[{"name":"wp","href":"https:\/\/api.w.org\/{rel}","templated":true}]}}